{"id":1399,"date":"2015-12-04T02:08:28","date_gmt":"2015-12-04T02:08:28","guid":{"rendered":"http:\/\/pavitran.com\/fr\/sobre-nosotros\/"},"modified":"2018-02-05T21:07:16","modified_gmt":"2018-02-05T20:07:16","slug":"a-propos-de-nous","status":"publish","type":"page","link":"http:\/\/pavitran.com\/fr\/a-propos-de-nous\/","title":{"rendered":"\u00c0 propos de nous"},"content":{"rendered":"<p><div class=\"fusion-fullwidth fullwidth-box fusion-builder-row-1 nonhundred-percent-fullwidth non-hundred-percent-height-scrolling\" style=\"--awb-background-position:left top;--awb-border-radius-top-left:0px;--awb-border-radius-top-right:0px;--awb-border-radius-bottom-right:0px;--awb-border-radius-bottom-left:0px;--awb-padding-top:50px;--awb-padding-bottom:50px;--awb-background-color:#fed03d;--awb-border-sizes-top:0px;--awb-border-sizes-bottom:0px;--awb-flex-wrap:wrap;\" ><div class=\"fusion-builder-row fusion-row\"><div class=\"fusion-layout-column fusion_builder_column fusion-builder-column-0 fusion_builder_column_1_1 1_1 fusion-one-full fusion-column-first fusion-column-last\" style=\"--awb-bg-size:cover;\"><div class=\"fusion-column-wrapper fusion-flex-column-wrapper-legacy\"><div class=\"fusion-text fusion-text-1\"><h2 style=\"font-weight: 300; text-align: center;\">Nous fournissons des solutions logistiques sur mesure et personnalis\u00e9es<\/h2>\n<\/div><div class=\"fusion-clearfix\"><\/div><\/div><\/div><\/div><\/div><div class=\"fusion-fullwidth fullwidth-box fusion-builder-row-2 nonhundred-percent-fullwidth non-hundred-percent-height-scrolling\" style=\"--awb-background-position:left top;--awb-border-radius-top-left:0px;--awb-border-radius-top-right:0px;--awb-border-radius-bottom-right:0px;--awb-border-radius-bottom-left:0px;--awb-padding-top:0px;--awb-padding-bottom:20px;--awb-border-sizes-top:0px;--awb-border-sizes-bottom:0px;--awb-flex-wrap:wrap;\" ><div class=\"fusion-builder-row fusion-row\"><div class=\"fusion-layout-column fusion_builder_column fusion-builder-column-1 fusion_builder_column_1_1 1_1 fusion-one-full fusion-column-first fusion-column-last\" style=\"--awb-bg-size:cover;--awb-margin-top:-22px;\"><div class=\"fusion-column-wrapper fusion-flex-column-wrapper-legacy\"><div class=\"fusion-aligncenter\"><a class=\"fusion-button button-flat fusion-button-default-size button-custom fusion-button-default button-1 fusion-button-default-span fusion-button-default-type dark-button\" style=\"--button_accent_color:#ffffff;--button_accent_hover_color:#333333;--button_border_hover_color:#333333;--button_border_width-top:2px;--button_border_width-right:2px;--button_border_width-bottom:2px;--button_border_width-left:2px;--button_gradient_top_color:#333333;--button_gradient_bottom_color:#333333;--button_gradient_top_color_hover:#ffffff;--button_gradient_bottom_color_hover:#ffffff;\" target=\"_self\" href=\"http:\/\/pavitran.com\/fr\/contact\/\"><span class=\"fusion-button-text\">CONTACTEZ-NOUS<\/span><\/a><\/div><div class=\"fusion-clearfix\"><\/div><\/div><\/div><\/div><\/div><div class=\"fusion-fullwidth fullwidth-box fusion-builder-row-3 mass-responsive-section nonhundred-percent-fullwidth non-hundred-percent-height-scrolling\" style=\"--awb-background-position:left top;--awb-border-radius-top-left:0px;--awb-border-radius-top-right:0px;--awb-border-radius-bottom-right:0px;--awb-border-radius-bottom-left:0px;--awb-padding-top:3%;--awb-padding-bottom:0px;--awb-border-sizes-top:0px;--awb-border-sizes-bottom:0px;--awb-flex-wrap:wrap;\" id=\"section1\" ><div class=\"fusion-builder-row fusion-row\"><div class=\"fusion-layout-column fusion_builder_column fusion-builder-column-2 fusion_builder_column_1_1 1_1 fusion-one-full fusion-column-first fusion-column-last mass-intro\" style=\"--awb-padding-right:15%;--awb-padding-left:15%;--awb-bg-size:cover;--awb-margin-top:42px;--awb-margin-bottom:20px;\"><div class=\"fusion-column-wrapper fusion-flex-column-wrapper-legacy\"><div class=\"fusion-text fusion-text-2\"><h2 style=\"text-align: center;\">Transports internationaux<\/h2>\n<\/div><div class=\"fusion-sep-clear\"><\/div><div class=\"fusion-separator\" style=\"margin-left: auto;margin-right: auto;margin-top:0px;margin-bottom:30px;width:100%;max-width:206px;\"><div class=\"fusion-separator-border sep-single sep-solid\" style=\"--awb-height:20px;--awb-amount:20px;--awb-sep-color:#fed03d;border-color:#fed03d;border-top-width:2px;\"><\/div><\/div><div class=\"fusion-sep-clear\"><\/div><div class=\"fusion-text fusion-text-3\"><p style=\"text-align: center;\">Pavitrans, s.l. est une entreprise familiale fond\u00e9e en 1.993 et situ\u00e9e dans la ville d\u2019Irun, juste \u00e0 la fronti\u00e8re basque avec la France. Nous travaillons dans le transport et les solutions logistiques internationales adapt\u00e9es et personnalis\u00e9es \u00e0 chacun de nos clients. Nous avons plus de 25 ans d\u2019exp\u00e9rience et une vaste fid\u00e9lisation de notre client\u00e8le derri\u00e8re nous. Nos services complets soutiennent plus de 400 entreprises dans plus de 30 pays. Nous fournissons des solutions aux besoins de nos clients tout en nous occupant de la gestion des formalit\u00e9s douani\u00e8res.<\/p>\n<\/div><div class=\"fusion-clearfix\"><\/div><\/div><\/div><\/div><\/div><div class=\"fusion-fullwidth fullwidth-box fusion-builder-row-4 nonhundred-percent-fullwidth non-hundred-percent-height-scrolling\" style=\"--awb-border-radius-top-left:0px;--awb-border-radius-top-right:0px;--awb-border-radius-bottom-right:0px;--awb-border-radius-bottom-left:0px;--awb-margin-bottom:40px;--awb-flex-wrap:wrap;\" ><div class=\"fusion-builder-row fusion-row\"><div class=\"fusion-layout-column fusion_builder_column fusion-builder-column-3 fusion_builder_column_1_1 1_1 fusion-one-full fusion-column-first fusion-column-last\" style=\"--awb-bg-image:url(&#039;http:\/\/pavitran.com\/wp-content\/uploads\/2018\/01\/handshake.jpg&#039;);--awb-bg-position:center center;--awb-bg-size:cover;\"><div class=\"fusion-column-wrapper fusion-flex-column-wrapper-legacy fusion-empty-column-bg-image fusion-column-has-bg-image\" data-bg-url=\"http:\/\/pavitran.com\/wp-content\/uploads\/2018\/01\/handshake.jpg\"><img class=\"fusion-empty-dims-img-placeholder\" src=\"data:image\/svg+xml,%3Csvg%20xmlns%3D%27http%3A%2F%2Fwww.w3.org%2F2000%2Fsvg%27%20width%3D%27700%27%20height%3D%27400%27%20viewBox%3D%270%200%20700%20400%27%3E%3Crect%20width%3D%27700%27%20height%3D%27400%27%20fill-opacity%3D%220%22%2F%3E%3C%2Fsvg%3E\"><div class=\"fusion-clearfix\"><\/div><\/div><\/div><\/div><\/div><\/p>\n","protected":false},"excerpt":{"rendered":"","protected":false},"author":1,"featured_media":0,"parent":0,"menu_order":0,"comment_status":"closed","ping_status":"closed","template":"100-width.php","meta":[],"yoast_head":"<!-- This site is optimized with the Yoast SEO plugin v20.9 - https:\/\/yoast.com\/wordpress\/plugins\/seo\/ -->\r\n<title>\u00c0 propos de nous | Pavitran S.L.<\/title>\r\n<meta name=\"robots\" content=\"index, follow, max-snippet:-1, max-image-preview:large, max-video-preview:-1\" \/>\r\n<link rel=\"canonical\" href=\"http:\/\/pavitran.com\/fr\/a-propos-de-nous\/\" \/>\r\n<meta property=\"og:locale\" content=\"fr_FR\" \/>\r\n<meta property=\"og:type\" content=\"article\" \/>\r\n<meta property=\"og:title\" content=\"\u00c0 propos de nous | Pavitran S.L.\" \/>\r\n<meta property=\"og:url\" content=\"http:\/\/pavitran.com\/fr\/a-propos-de-nous\/\" \/>\r\n<meta property=\"og:site_name\" content=\"Pavitran S.L.\" \/>\r\n<meta property=\"article:modified_time\" content=\"2018-02-05T20:07:16+00:00\" \/>\r\n<meta name=\"twitter:card\" content=\"summary_large_image\" \/>\r\n<meta name=\"twitter:label1\" content=\"Est. reading time\" \/>\n\t<meta name=\"twitter:data1\" content=\"4 minutes\" \/>\r\n<script type=\"application\/ld+json\" class=\"yoast-schema-graph\">{\"@context\":\"https:\/\/schema.org\",\"@graph\":[{\"@type\":\"WebPage\",\"@id\":\"http:\/\/pavitran.com\/fr\/a-propos-de-nous\/\",\"url\":\"http:\/\/pavitran.com\/fr\/a-propos-de-nous\/\",\"name\":\"\u00c0 propos de nous | Pavitran S.L.\",\"isPartOf\":{\"@id\":\"http:\/\/pavitran.com\/#website\"},\"datePublished\":\"2015-12-04T02:08:28+00:00\",\"dateModified\":\"2018-02-05T20:07:16+00:00\",\"breadcrumb\":{\"@id\":\"http:\/\/pavitran.com\/fr\/a-propos-de-nous\/#breadcrumb\"},\"inLanguage\":\"fr-FR\",\"potentialAction\":[{\"@type\":\"ReadAction\",\"target\":[\"http:\/\/pavitran.com\/fr\/a-propos-de-nous\/\"]}]},{\"@type\":\"BreadcrumbList\",\"@id\":\"http:\/\/pavitran.com\/fr\/a-propos-de-nous\/#breadcrumb\",\"itemListElement\":[{\"@type\":\"ListItem\",\"position\":1,\"name\":\"Portada\",\"item\":\"http:\/\/pavitran.com\/fr\/\"},{\"@type\":\"ListItem\",\"position\":2,\"name\":\"\u00c0 propos de nous\"}]},{\"@type\":\"WebSite\",\"@id\":\"http:\/\/pavitran.com\/#website\",\"url\":\"http:\/\/pavitran.com\/\",\"name\":\"Pavitran S.L.\",\"description\":\"Transportes internacionales\",\"publisher\":{\"@id\":\"http:\/\/pavitran.com\/#organization\"},\"potentialAction\":[{\"@type\":\"SearchAction\",\"target\":{\"@type\":\"EntryPoint\",\"urlTemplate\":\"http:\/\/pavitran.com\/?s={search_term_string}\"},\"query-input\":\"required name=search_term_string\"}],\"inLanguage\":\"fr-FR\"},{\"@type\":\"Organization\",\"@id\":\"http:\/\/pavitran.com\/#organization\",\"name\":\"Pavitran S.L.\",\"url\":\"http:\/\/pavitran.com\/\",\"logo\":{\"@type\":\"ImageObject\",\"inLanguage\":\"fr-FR\",\"@id\":\"http:\/\/pavitran.com\/#\/schema\/logo\/image\/\",\"url\":\"http:\/\/pavitran.com\/wp-content\/uploads\/2018\/01\/LOGO.png\",\"contentUrl\":\"http:\/\/pavitran.com\/wp-content\/uploads\/2018\/01\/LOGO.png\",\"width\":210,\"height\":78,\"caption\":\"Pavitran S.L.\"},\"image\":{\"@id\":\"http:\/\/pavitran.com\/#\/schema\/logo\/image\/\"}}]}<\/script>\r\n<!-- \/ Yoast SEO plugin. -->","yoast_head_json":{"title":"\u00c0 propos de nous | Pavitran S.L.","robots":{"index":"index","follow":"follow","max-snippet":"max-snippet:-1","max-image-preview":"max-image-preview:large","max-video-preview":"max-video-preview:-1"},"canonical":"http:\/\/pavitran.com\/fr\/a-propos-de-nous\/","og_locale":"fr_FR","og_type":"article","og_title":"\u00c0 propos de nous | Pavitran S.L.","og_url":"http:\/\/pavitran.com\/fr\/a-propos-de-nous\/","og_site_name":"Pavitran S.L.","article_modified_time":"2018-02-05T20:07:16+00:00","twitter_card":"summary_large_image","twitter_misc":{"Est. reading time":"4 minutes"},"schema":{"@context":"https:\/\/schema.org","@graph":[{"@type":"WebPage","@id":"http:\/\/pavitran.com\/fr\/a-propos-de-nous\/","url":"http:\/\/pavitran.com\/fr\/a-propos-de-nous\/","name":"\u00c0 propos de nous | Pavitran S.L.","isPartOf":{"@id":"http:\/\/pavitran.com\/#website"},"datePublished":"2015-12-04T02:08:28+00:00","dateModified":"2018-02-05T20:07:16+00:00","breadcrumb":{"@id":"http:\/\/pavitran.com\/fr\/a-propos-de-nous\/#breadcrumb"},"inLanguage":"fr-FR","potentialAction":[{"@type":"ReadAction","target":["http:\/\/pavitran.com\/fr\/a-propos-de-nous\/"]}]},{"@type":"BreadcrumbList","@id":"http:\/\/pavitran.com\/fr\/a-propos-de-nous\/#breadcrumb","itemListElement":[{"@type":"ListItem","position":1,"name":"Portada","item":"http:\/\/pavitran.com\/fr\/"},{"@type":"ListItem","position":2,"name":"\u00c0 propos de nous"}]},{"@type":"WebSite","@id":"http:\/\/pavitran.com\/#website","url":"http:\/\/pavitran.com\/","name":"Pavitran S.L.","description":"Transportes internacionales","publisher":{"@id":"http:\/\/pavitran.com\/#organization"},"potentialAction":[{"@type":"SearchAction","target":{"@type":"EntryPoint","urlTemplate":"http:\/\/pavitran.com\/?s={search_term_string}"},"query-input":"required name=search_term_string"}],"inLanguage":"fr-FR"},{"@type":"Organization","@id":"http:\/\/pavitran.com\/#organization","name":"Pavitran S.L.","url":"http:\/\/pavitran.com\/","logo":{"@type":"ImageObject","inLanguage":"fr-FR","@id":"http:\/\/pavitran.com\/#\/schema\/logo\/image\/","url":"http:\/\/pavitran.com\/wp-content\/uploads\/2018\/01\/LOGO.png","contentUrl":"http:\/\/pavitran.com\/wp-content\/uploads\/2018\/01\/LOGO.png","width":210,"height":78,"caption":"Pavitran S.L."},"image":{"@id":"http:\/\/pavitran.com\/#\/schema\/logo\/image\/"}}]}},"_links":{"self":[{"href":"http:\/\/pavitran.com\/fr\/wp-json\/wp\/v2\/pages\/1399"}],"collection":[{"href":"http:\/\/pavitran.com\/fr\/wp-json\/wp\/v2\/pages"}],"about":[{"href":"http:\/\/pavitran.com\/fr\/wp-json\/wp\/v2\/types\/page"}],"author":[{"embeddable":true,"href":"http:\/\/pavitran.com\/fr\/wp-json\/wp\/v2\/users\/1"}],"replies":[{"embeddable":true,"href":"http:\/\/pavitran.com\/fr\/wp-json\/wp\/v2\/comments?post=1399"}],"version-history":[{"count":4,"href":"http:\/\/pavitran.com\/fr\/wp-json\/wp\/v2\/pages\/1399\/revisions"}],"predecessor-version":[{"id":1490,"href":"http:\/\/pavitran.com\/fr\/wp-json\/wp\/v2\/pages\/1399\/revisions\/1490"}],"wp:attachment":[{"href":"http:\/\/pavitran.com\/fr\/wp-json\/wp\/v2\/media?parent=1399"}],"curies":[{"name":"wp","href":"https:\/\/api.w.org\/{rel}","templated":true}]}}