{"id":1398,"date":"2015-12-04T02:08:42","date_gmt":"2015-12-04T02:08:42","guid":{"rendered":"http:\/\/pavitran.com\/fr\/servicios\/"},"modified":"2018-02-05T21:09:26","modified_gmt":"2018-02-05T20:09:26","slug":"services","status":"publish","type":"page","link":"http:\/\/pavitran.com\/fr\/services\/","title":{"rendered":"Services"},"content":{"rendered":"<p><div class=\"fusion-fullwidth fullwidth-box fusion-builder-row-1 nonhundred-percent-fullwidth non-hundred-percent-height-scrolling\" style=\"--awb-background-position:left top;--awb-border-radius-top-left:0px;--awb-border-radius-top-right:0px;--awb-border-radius-bottom-right:0px;--awb-border-radius-bottom-left:0px;--awb-padding-top:50px;--awb-padding-bottom:50px;--awb-background-color:#fed03d;--awb-border-sizes-top:0px;--awb-border-sizes-bottom:0px;--awb-flex-wrap:wrap;\" ><div class=\"fusion-builder-row fusion-row\"><div class=\"fusion-layout-column fusion_builder_column fusion-builder-column-0 fusion_builder_column_1_1 1_1 fusion-one-full fusion-column-first fusion-column-last\" style=\"--awb-bg-size:cover;\"><div class=\"fusion-column-wrapper fusion-flex-column-wrapper-legacy\"><div class=\"fusion-text fusion-text-1\"><h2 style=\"font-weight: 300; text-align: center;\">Plus de 20 ans d\u2019exp\u00e9rience derri\u00e8re nous<\/h2>\n<\/div><div class=\"fusion-clearfix\"><\/div><\/div><\/div><\/div><\/div><div class=\"fusion-fullwidth fullwidth-box fusion-builder-row-2 nonhundred-percent-fullwidth non-hundred-percent-height-scrolling\" style=\"--awb-background-position:left top;--awb-border-radius-top-left:0px;--awb-border-radius-top-right:0px;--awb-border-radius-bottom-right:0px;--awb-border-radius-bottom-left:0px;--awb-padding-top:0px;--awb-padding-bottom:20px;--awb-border-sizes-top:0px;--awb-border-sizes-bottom:0px;--awb-flex-wrap:wrap;\" ><div class=\"fusion-builder-row fusion-row\"><div class=\"fusion-layout-column fusion_builder_column fusion-builder-column-1 fusion_builder_column_1_1 1_1 fusion-one-full fusion-column-first fusion-column-last\" style=\"--awb-bg-size:cover;--awb-margin-top:-22px;\"><div class=\"fusion-column-wrapper fusion-flex-column-wrapper-legacy\"><div class=\"fusion-aligncenter\"><a class=\"fusion-button button-flat fusion-button-default-size button-custom fusion-button-default button-1 fusion-button-default-span fusion-button-default-type dark-button\" style=\"--button_accent_color:#ffffff;--button_accent_hover_color:#333333;--button_border_hover_color:#333333;--button_border_width-top:2px;--button_border_width-right:2px;--button_border_width-bottom:2px;--button_border_width-left:2px;--button_gradient_top_color:#333333;--button_gradient_bottom_color:#333333;--button_gradient_top_color_hover:#ffffff;--button_gradient_bottom_color_hover:#ffffff;\" target=\"_self\" href=\"http:\/\/pavitran.com\/fr\/contact\/\"><span class=\"fusion-button-text\">CONTACTEZ-NOUS<\/span><\/a><\/div><div class=\"fusion-clearfix\"><\/div><\/div><\/div><\/div><\/div><div class=\"fusion-fullwidth fullwidth-box fusion-builder-row-3 nonhundred-percent-fullwidth non-hundred-percent-height-scrolling\" style=\"--awb-background-position:left top;--awb-border-radius-top-left:0px;--awb-border-radius-top-right:0px;--awb-border-radius-bottom-right:0px;--awb-border-radius-bottom-left:0px;--awb-padding-top:3%;--awb-padding-bottom:2%;--awb-background-color:#ffffff;--awb-border-sizes-top:0px;--awb-border-sizes-bottom:0px;--awb-flex-wrap:wrap;\" ><div class=\"fusion-builder-row fusion-row\"><div class=\"fusion-layout-column fusion_builder_column fusion-builder-column-2 fusion_builder_column_1_1 1_1 fusion-one-full fusion-column-first fusion-column-last\" style=\"--awb-bg-size:cover;--awb-margin-top:50px;--awb-margin-bottom:25px;\"><div class=\"fusion-column-wrapper fusion-flex-column-wrapper-legacy\"><div class=\"fusion-tabs fusion-tabs-1 clean vertical-tabs icon-position-left mobile-mode-accordion\" style=\"--awb-title-border-radius-top-left:0px;--awb-title-border-radius-top-right:0px;--awb-title-border-radius-bottom-right:0px;--awb-title-border-radius-bottom-left:0px;--awb-inactive-color:#f5f5f5;--awb-background-color:#fed03d;--awb-border-color:rgba(245,245,245,0);--awb-active-border-color:#fdc400;\"><div class=\"nav\"><ul class=\"nav-tabs\" role=\"tablist\"><li class=\"active\" role=\"presentation\"><a class=\"tab-link\" data-toggle=\"tab\" role=\"tab\" aria-controls=\"tab-e40f08f702669dc0387\" aria-selected=\"true\" id=\"fusion-tab-chargementscomplets\" href=\"#tab-e40f08f702669dc0387\"><h4 class=\"fusion-tab-heading\"><i class=\"fontawesome-icon fa fa-truck\" aria-hidden=\"true\" style=\"font-size:13px;\"><\/i>Chargements complets<\/h4><\/a><\/li><li role=\"presentation\"><a class=\"tab-link\" data-toggle=\"tab\" role=\"tab\" aria-controls=\"tab-1c76335cc6b7eced750\" aria-selected=\"false\" tabindex=\"-1\" id=\"fusion-tab-chargesdegroupage\" href=\"#tab-1c76335cc6b7eced750\"><h4 class=\"fusion-tab-heading\"><i class=\"fontawesome-icon fa fa-truck\" aria-hidden=\"true\" style=\"font-size:13px;\"><\/i>Charges de groupage<\/h4><\/a><\/li><li role=\"presentation\"><a class=\"tab-link\" data-toggle=\"tab\" role=\"tab\" aria-controls=\"tab-838f2de388c90dafb24\" aria-selected=\"false\" tabindex=\"-1\" id=\"\" href=\"#tab-838f2de388c90dafb24\"><h4 class=\"fusion-tab-heading\"><i class=\"fontawesome-icon fa fa-truck\" aria-hidden=\"true\" style=\"font-size:13px;\"><\/i>Formalit\u00e9s douani\u00e8res<\/h4><\/a><\/li><li role=\"presentation\"><a class=\"tab-link\" data-toggle=\"tab\" role=\"tab\" aria-controls=\"tab-904699475efa1fe80e1\" aria-selected=\"false\" tabindex=\"-1\" id=\"\" href=\"#tab-904699475efa1fe80e1\"><h4 class=\"fusion-tab-heading\"><i class=\"fontawesome-icon fa fa-truck\" aria-hidden=\"true\" style=\"font-size:13px;\"><\/i>Sp\u00e9cialis\u00e9s<\/h4><\/a><\/li><\/ul><\/div><div class=\"tab-content\"><div class=\"nav fusion-mobile-tab-nav\"><ul class=\"nav-tabs\" role=\"tablist\"><li class=\"active\" role=\"presentation\"><a class=\"tab-link\" data-toggle=\"tab\" role=\"tab\" aria-controls=\"tab-e40f08f702669dc0387\" aria-selected=\"true\" id=\"mobile-fusion-tab-chargementscomplets\" href=\"#tab-e40f08f702669dc0387\"><h4 class=\"fusion-tab-heading\"><i class=\"fontawesome-icon fa fa-truck\" aria-hidden=\"true\" style=\"font-size:13px;\"><\/i>Chargements complets<\/h4><\/a><\/li><\/ul><\/div><div class=\"tab-pane fade fusion-clearfix in active\" role=\"tabpanel\" tabindex=\"0\" aria-labelledby=\"fusion-tab-chargementscomplets\" id=\"tab-e40f08f702669dc0387\">\n<h2 style=\"font-weight: 300; margin-top: -20px;\">Transports internacionaux de chargements complets<\/h2>\n<p>Nous effectuons chargements internationaux d\u2019importation et exportation de services de chargement complet, personalis\u00e9s \u00e0 chacun de nos clients et nous nous adaptons aux exigences de chacun d\u2019entre eux dans le but d\u2019assurer la logistique des solutions \u00e0 chacun de leurs besoins.<\/p>\n<\/div><div class=\"nav fusion-mobile-tab-nav\"><ul class=\"nav-tabs\" role=\"tablist\"><li role=\"presentation\"><a class=\"tab-link\" data-toggle=\"tab\" role=\"tab\" aria-controls=\"tab-1c76335cc6b7eced750\" aria-selected=\"false\" tabindex=\"-1\" id=\"mobile-fusion-tab-chargesdegroupage\" href=\"#tab-1c76335cc6b7eced750\"><h4 class=\"fusion-tab-heading\"><i class=\"fontawesome-icon fa fa-truck\" aria-hidden=\"true\" style=\"font-size:13px;\"><\/i>Charges de groupage<\/h4><\/a><\/li><\/ul><\/div><div class=\"tab-pane fade fusion-clearfix\" role=\"tabpanel\" tabindex=\"0\" aria-labelledby=\"fusion-tab-chargesdegroupage\" id=\"tab-1c76335cc6b7eced750\">\n<h2 style=\"font-weight: 300; margin-top: -20px;\">Transports internationaux des charges de groupage et de picking<\/h2>\n<p>Nous effectuons des chargements internationaux d\u2019importation et d\u2019exportation de services de chargement complet,  compl\u00e8tement personnalis\u00e9s \u00e0 chacun de nos clients et nous nous adaptons aux exigences de chacun d\u2019entre eux dans le but d\u2019assurer la logistique des solutions \u00e0 chacun de leurs besoins.<\/div><div class=\"nav fusion-mobile-tab-nav\"><ul class=\"nav-tabs\" role=\"tablist\"><li role=\"presentation\"><a class=\"tab-link\" data-toggle=\"tab\" role=\"tab\" aria-controls=\"tab-838f2de388c90dafb24\" aria-selected=\"false\" tabindex=\"-1\" id=\"\" href=\"#tab-838f2de388c90dafb24\"><h4 class=\"fusion-tab-heading\"><i class=\"fontawesome-icon fa fa-truck\" aria-hidden=\"true\" style=\"font-size:13px;\"><\/i>Formalit\u00e9s douani\u00e8res<\/h4><\/a><\/li><\/ul><\/div><div class=\"tab-pane fade fusion-clearfix\" role=\"tabpanel\" tabindex=\"0\" aria-labelledby=\"\" id=\"tab-838f2de388c90dafb24\">\n<h2 style=\"font-weight: 300; margin-top: -20px;\">Gestion de formalit\u00e9s douani\u00e8res<\/h2>\n<p>Nous g\u00e9rons toutes les formalit\u00e9s douani\u00e9res n\u00e9cessaires pour importer et exporter vers les pays tiers ainsi que la d\u00e9claration INTRASTAT.<\/p>\n<\/div><div class=\"nav fusion-mobile-tab-nav\"><ul class=\"nav-tabs\" role=\"tablist\"><li role=\"presentation\"><a class=\"tab-link\" data-toggle=\"tab\" role=\"tab\" aria-controls=\"tab-904699475efa1fe80e1\" aria-selected=\"false\" tabindex=\"-1\" id=\"\" href=\"#tab-904699475efa1fe80e1\"><h4 class=\"fusion-tab-heading\"><i class=\"fontawesome-icon fa fa-truck\" aria-hidden=\"true\" style=\"font-size:13px;\"><\/i>Sp\u00e9cialis\u00e9s<\/h4><\/a><\/li><\/ul><\/div><div class=\"tab-pane fade fusion-clearfix\" role=\"tabpanel\" tabindex=\"0\" aria-labelledby=\"\" id=\"tab-904699475efa1fe80e1\">\n<h2 style=\"font-weight: 300; margin-top: -20px;\">Sp\u00e9cialistes en Italie, France et Portugal<\/h2>\n<p>Sp\u00e9cialis\u00e9 dans le groupage et le transport de chargement complet depuis plus de 25 ans dans la regi\u00f3n de Parme, Mod\u00e9ne, Reggio Emilia et Bologne en Italie. Collaborant r\u00e9guli\u00e8rement pour le secteur de la c\u00e9ramique dans le transport entre l\u2019Italie et l\u2019Espagne et tous les mat\u00e9riaux et produits li\u00e9s \u00e0 l\u2019industrie. Nous travaillons \u00e9galement dans la regi\u00f3n de Lisbonne, Porto et Aveiro au Portugal ainsi dans le transport du chargement complet et le groupage dans le pays comme la France, l\u2019Allemagne, la Belgique et les Pays Bas.<\/p>\n<\/div><\/div><\/div><div class=\"fusion-clearfix\"><\/div><\/div><\/div><\/div><\/div><div class=\"fusion-bg-parallax\" data-bg-align=\"center center\" data-direction=\"up\" data-mute=\"false\" data-opacity=\"100\" data-velocity=\"-0.7\" data-mobile-enabled=\"false\" data-break_parents=\"0\" data-bg-image=\"http:\/\/pavitran.com\/wp-content\/uploads\/2018\/01\/road.jpg\" data-bg-repeat=\"false\" ><\/div><div class=\"fusion-fullwidth fullwidth-box fusion-builder-row-4 fusion-parallax-up nonhundred-percent-fullwidth non-hundred-percent-height-scrolling\" style=\"--awb-border-radius-top-left:0px;--awb-border-radius-top-right:0px;--awb-border-radius-bottom-right:0px;--awb-border-radius-bottom-left:0px;--awb-padding-top:100px;--awb-padding-bottom:90px;--awb-background-image:url(&quot;http:\/\/pavitran.com\/wp-content\/uploads\/2018\/01\/road.jpg&quot;);--awb-background-size:cover;--awb-border-sizes-top:0px;--awb-border-sizes-bottom:0px;--awb-flex-wrap:wrap;\" ><div class=\"fusion-builder-row fusion-row\"><div class=\"fusion-layout-column fusion_builder_column fusion-builder-column-3 fusion_builder_column_1_6 1_6 fusion-one-sixth fusion-column-first fusion-no-small-visibility\" style=\"--awb-bg-size:cover;width:13.3333%; margin-right: 4%;\"><div class=\"fusion-column-wrapper fusion-flex-column-wrapper-legacy\"><div class=\"fusion-sep-clear\"><\/div><div class=\"fusion-separator fusion-full-width-sep\" style=\"margin-left: auto;margin-right: auto;width:100%;\"><\/div><div class=\"fusion-sep-clear\"><\/div><div class=\"fusion-clearfix\"><\/div><\/div><\/div><div class=\"fusion-layout-column fusion_builder_column fusion-builder-column-4 fusion_builder_column_2_3 2_3 fusion-two-third\" style=\"--awb-bg-color:rgba(255,255,255,0.9);--awb-bg-color-hover:rgba(255,255,255,0.9);--awb-bg-size:cover;--awb-margin-top:20px;--awb-margin-bottom:20px;width:65.3333%; margin-right: 4%;\"><div class=\"fusion-column-wrapper fusion-flex-column-wrapper-legacy\"><style type='text\/css'>.reading-box-container-1 .element-bottomshadow:before,.reading-box-container-1 .element-bottomshadow:after{opacity:0.7;}<\/style><div class=\"fusion-reading-box-container reading-box-container-1\" style=\"--awb-title-color:#333333;--awb-margin-top:0px;--awb-margin-bottom:0px;\"><div class=\"reading-box reading-box-center\" style=\"background-color:#fed03d;border-width:0px;border-color:#f5f5f5;border-style:solid;\"><h2>CONTACT<\/h2><\/div><\/div><div class=\"fusion-builder-row fusion-builder-row-inner fusion-row\"><div class=\"fusion-layout-column fusion_builder_column_inner fusion-builder-nested-column-0 fusion_builder_column_inner_1_1 1_1 fusion-one-full fusion-column-first fusion-column-last\" style=\"--awb-padding-top:5%;--awb-padding-right:6%;--awb-padding-bottom:6%;--awb-padding-left:6%;--awb-bg-size:cover;\"><div class=\"fusion-column-wrapper fusion-flex-column-wrapper-legacy\"><div class=\"fusion-text fusion-text-2\"><p style=\"text-align: center;\">Pavitrans cr\u00e9e des solutions sur mesure.<br \/>\nDites-nous quels sont vos besoins et nous allons cr\u00e9er un service personnalis\u00e9 pour vous.<\/p>\n<\/div><div class=\"fusion-sep-clear\"><\/div><div class=\"fusion-separator fusion-full-width-sep\" style=\"margin-left: auto;margin-right: auto;margin-top:10px;width:100%;\"><\/div><div class=\"fusion-sep-clear\"><\/div>\n<div class=\"wpcf7 no-js\" id=\"wpcf7-f1420-o1\" lang=\"es-ES\" dir=\"ltr\">\n<div class=\"screen-reader-response\"><p role=\"status\" aria-live=\"polite\" aria-atomic=\"true\"><\/p> <ul><\/ul><\/div>\n<form action=\"\/fr\/wp-json\/wp\/v2\/pages\/1398#wpcf7-f1420-o1\" method=\"post\" class=\"wpcf7-form init\" aria-label=\"Contact form\" novalidate=\"novalidate\" data-status=\"init\">\n<div style=\"display: none;\">\n<input type=\"hidden\" name=\"_wpcf7\" value=\"1420\" \/>\n<input type=\"hidden\" name=\"_wpcf7_version\" value=\"5.7.7\" \/>\n<input type=\"hidden\" name=\"_wpcf7_locale\" value=\"es_ES\" \/>\n<input type=\"hidden\" name=\"_wpcf7_unit_tag\" value=\"wpcf7-f1420-o1\" \/>\n<input type=\"hidden\" name=\"_wpcf7_container_post\" value=\"0\" \/>\n<input type=\"hidden\" name=\"_wpcf7_posted_data_hash\" value=\"\" \/>\n<\/div>\n<p><label> NOM *<br \/>\n<span class=\"wpcf7-form-control-wrap\" data-name=\"your-name\"><input size=\"40\" class=\"wpcf7-form-control wpcf7-text wpcf7-validates-as-required\" aria-required=\"true\" aria-invalid=\"false\" value=\"\" type=\"text\" name=\"your-name\" \/><\/span> <\/label>\n<\/p>\n<p><label> COURRIER \u00c9LECTRONIQUE: *<br \/>\n<span class=\"wpcf7-form-control-wrap\" data-name=\"your-email\"><input size=\"40\" class=\"wpcf7-form-control wpcf7-text wpcf7-email wpcf7-validates-as-required wpcf7-validates-as-email\" aria-required=\"true\" aria-invalid=\"false\" value=\"\" type=\"email\" name=\"your-email\" \/><\/span> <\/label>\n<\/p>\n<p><label> SUJET<br \/>\n<span class=\"wpcf7-form-control-wrap\" data-name=\"your-subject\"><input size=\"40\" class=\"wpcf7-form-control wpcf7-text\" aria-invalid=\"false\" value=\"\" type=\"text\" name=\"your-subject\" \/><\/span> <\/label>\n<\/p>\n<p><label> MESSAGE<br \/>\n<span class=\"wpcf7-form-control-wrap\" data-name=\"your-message\"><textarea cols=\"40\" rows=\"10\" class=\"wpcf7-form-control wpcf7-textarea\" aria-invalid=\"false\" name=\"your-message\"><\/textarea><\/span> <\/label>\n<\/p>\n<p><input class=\"wpcf7-form-control has-spinner wpcf7-submit\" type=\"submit\" value=\"ENVOYER\" \/>\n<\/p><p style=\"display: none !important;\"><label>&#916;<textarea name=\"_wpcf7_ak_hp_textarea\" cols=\"45\" rows=\"8\" maxlength=\"100\"><\/textarea><\/label><input type=\"hidden\" id=\"ak_js_1\" name=\"_wpcf7_ak_js\" value=\"240\"\/><script>document.getElementById( \"ak_js_1\" ).setAttribute( \"value\", ( new Date() ).getTime() );<\/script><\/p><div class=\"fusion-alert alert custom alert-custom fusion-alert-center wpcf7-response-output fusion-alert-capitalize awb-alert-native-link-color alert-dismissable awb-alert-close-boxed\" style=\"--awb-border-top-left-radius:0px;--awb-border-top-right-radius:0px;--awb-border-bottom-left-radius:0px;\" role=\"alert\"><div class=\"fusion-alert-content-wrapper\"><span class=\"fusion-alert-content\"><\/span><\/div><button type=\"button\" class=\"close toggle-alert\" data-dismiss=\"alert\" aria-label=\"Close\">&times;<\/button><\/div>\n<\/form>\n<\/div>\n<div class=\"fusion-clearfix\"><\/div><\/div><\/div><\/div><div class=\"fusion-clearfix\"><\/div><\/div><\/div><div class=\"fusion-layout-column fusion_builder_column fusion-builder-column-5 fusion_builder_column_1_6 1_6 fusion-one-sixth fusion-column-last fusion-no-small-visibility\" style=\"--awb-bg-size:cover;width:13.3333%;\"><div class=\"fusion-column-wrapper fusion-flex-column-wrapper-legacy\"><div class=\"fusion-sep-clear\"><\/div><div class=\"fusion-separator fusion-full-width-sep\" style=\"margin-left: auto;margin-right: auto;width:100%;\"><\/div><div class=\"fusion-sep-clear\"><\/div><div class=\"fusion-clearfix\"><\/div><\/div><\/div><\/div><\/div><\/p>\n","protected":false},"excerpt":{"rendered":"","protected":false},"author":1,"featured_media":0,"parent":0,"menu_order":0,"comment_status":"closed","ping_status":"closed","template":"100-width.php","meta":[],"yoast_head":"<!-- This site is optimized with the Yoast SEO plugin v20.9 - https:\/\/yoast.com\/wordpress\/plugins\/seo\/ -->\r\n<title>Services | Pavitran S.L.<\/title>\r\n<meta name=\"robots\" content=\"index, follow, max-snippet:-1, max-image-preview:large, max-video-preview:-1\" \/>\r\n<link rel=\"canonical\" href=\"http:\/\/pavitran.com\/fr\/services\/\" \/>\r\n<meta property=\"og:locale\" content=\"fr_FR\" \/>\r\n<meta property=\"og:type\" content=\"article\" \/>\r\n<meta property=\"og:title\" content=\"Services | Pavitran S.L.\" \/>\r\n<meta property=\"og:url\" content=\"http:\/\/pavitran.com\/fr\/services\/\" \/>\r\n<meta property=\"og:site_name\" content=\"Pavitran S.L.\" \/>\r\n<meta property=\"article:modified_time\" content=\"2018-02-05T20:09:26+00:00\" \/>\r\n<meta name=\"twitter:card\" content=\"summary_large_image\" \/>\r\n<meta name=\"twitter:label1\" content=\"Est. reading time\" \/>\n\t<meta name=\"twitter:data1\" content=\"7 minutes\" \/>\r\n<script type=\"application\/ld+json\" class=\"yoast-schema-graph\">{\"@context\":\"https:\/\/schema.org\",\"@graph\":[{\"@type\":\"WebPage\",\"@id\":\"http:\/\/pavitran.com\/fr\/services\/\",\"url\":\"http:\/\/pavitran.com\/fr\/services\/\",\"name\":\"Services | Pavitran S.L.\",\"isPartOf\":{\"@id\":\"http:\/\/pavitran.com\/#website\"},\"datePublished\":\"2015-12-04T02:08:42+00:00\",\"dateModified\":\"2018-02-05T20:09:26+00:00\",\"breadcrumb\":{\"@id\":\"http:\/\/pavitran.com\/fr\/services\/#breadcrumb\"},\"inLanguage\":\"fr-FR\",\"potentialAction\":[{\"@type\":\"ReadAction\",\"target\":[\"http:\/\/pavitran.com\/fr\/services\/\"]}]},{\"@type\":\"BreadcrumbList\",\"@id\":\"http:\/\/pavitran.com\/fr\/services\/#breadcrumb\",\"itemListElement\":[{\"@type\":\"ListItem\",\"position\":1,\"name\":\"Portada\",\"item\":\"http:\/\/pavitran.com\/fr\/\"},{\"@type\":\"ListItem\",\"position\":2,\"name\":\"Services\"}]},{\"@type\":\"WebSite\",\"@id\":\"http:\/\/pavitran.com\/#website\",\"url\":\"http:\/\/pavitran.com\/\",\"name\":\"Pavitran S.L.\",\"description\":\"Transportes internacionales\",\"publisher\":{\"@id\":\"http:\/\/pavitran.com\/#organization\"},\"potentialAction\":[{\"@type\":\"SearchAction\",\"target\":{\"@type\":\"EntryPoint\",\"urlTemplate\":\"http:\/\/pavitran.com\/?s={search_term_string}\"},\"query-input\":\"required name=search_term_string\"}],\"inLanguage\":\"fr-FR\"},{\"@type\":\"Organization\",\"@id\":\"http:\/\/pavitran.com\/#organization\",\"name\":\"Pavitran S.L.\",\"url\":\"http:\/\/pavitran.com\/\",\"logo\":{\"@type\":\"ImageObject\",\"inLanguage\":\"fr-FR\",\"@id\":\"http:\/\/pavitran.com\/#\/schema\/logo\/image\/\",\"url\":\"http:\/\/pavitran.com\/wp-content\/uploads\/2018\/01\/LOGO.png\",\"contentUrl\":\"http:\/\/pavitran.com\/wp-content\/uploads\/2018\/01\/LOGO.png\",\"width\":210,\"height\":78,\"caption\":\"Pavitran S.L.\"},\"image\":{\"@id\":\"http:\/\/pavitran.com\/#\/schema\/logo\/image\/\"}}]}<\/script>\r\n<!-- \/ Yoast SEO plugin. -->","yoast_head_json":{"title":"Services | Pavitran S.L.","robots":{"index":"index","follow":"follow","max-snippet":"max-snippet:-1","max-image-preview":"max-image-preview:large","max-video-preview":"max-video-preview:-1"},"canonical":"http:\/\/pavitran.com\/fr\/services\/","og_locale":"fr_FR","og_type":"article","og_title":"Services | Pavitran S.L.","og_url":"http:\/\/pavitran.com\/fr\/services\/","og_site_name":"Pavitran S.L.","article_modified_time":"2018-02-05T20:09:26+00:00","twitter_card":"summary_large_image","twitter_misc":{"Est. reading time":"7 minutes"},"schema":{"@context":"https:\/\/schema.org","@graph":[{"@type":"WebPage","@id":"http:\/\/pavitran.com\/fr\/services\/","url":"http:\/\/pavitran.com\/fr\/services\/","name":"Services | Pavitran S.L.","isPartOf":{"@id":"http:\/\/pavitran.com\/#website"},"datePublished":"2015-12-04T02:08:42+00:00","dateModified":"2018-02-05T20:09:26+00:00","breadcrumb":{"@id":"http:\/\/pavitran.com\/fr\/services\/#breadcrumb"},"inLanguage":"fr-FR","potentialAction":[{"@type":"ReadAction","target":["http:\/\/pavitran.com\/fr\/services\/"]}]},{"@type":"BreadcrumbList","@id":"http:\/\/pavitran.com\/fr\/services\/#breadcrumb","itemListElement":[{"@type":"ListItem","position":1,"name":"Portada","item":"http:\/\/pavitran.com\/fr\/"},{"@type":"ListItem","position":2,"name":"Services"}]},{"@type":"WebSite","@id":"http:\/\/pavitran.com\/#website","url":"http:\/\/pavitran.com\/","name":"Pavitran S.L.","description":"Transportes internacionales","publisher":{"@id":"http:\/\/pavitran.com\/#organization"},"potentialAction":[{"@type":"SearchAction","target":{"@type":"EntryPoint","urlTemplate":"http:\/\/pavitran.com\/?s={search_term_string}"},"query-input":"required name=search_term_string"}],"inLanguage":"fr-FR"},{"@type":"Organization","@id":"http:\/\/pavitran.com\/#organization","name":"Pavitran S.L.","url":"http:\/\/pavitran.com\/","logo":{"@type":"ImageObject","inLanguage":"fr-FR","@id":"http:\/\/pavitran.com\/#\/schema\/logo\/image\/","url":"http:\/\/pavitran.com\/wp-content\/uploads\/2018\/01\/LOGO.png","contentUrl":"http:\/\/pavitran.com\/wp-content\/uploads\/2018\/01\/LOGO.png","width":210,"height":78,"caption":"Pavitran S.L."},"image":{"@id":"http:\/\/pavitran.com\/#\/schema\/logo\/image\/"}}]}},"_links":{"self":[{"href":"http:\/\/pavitran.com\/fr\/wp-json\/wp\/v2\/pages\/1398"}],"collection":[{"href":"http:\/\/pavitran.com\/fr\/wp-json\/wp\/v2\/pages"}],"about":[{"href":"http:\/\/pavitran.com\/fr\/wp-json\/wp\/v2\/types\/page"}],"author":[{"embeddable":true,"href":"http:\/\/pavitran.com\/fr\/wp-json\/wp\/v2\/users\/1"}],"replies":[{"embeddable":true,"href":"http:\/\/pavitran.com\/fr\/wp-json\/wp\/v2\/comments?post=1398"}],"version-history":[{"count":10,"href":"http:\/\/pavitran.com\/fr\/wp-json\/wp\/v2\/pages\/1398\/revisions"}],"predecessor-version":[{"id":1491,"href":"http:\/\/pavitran.com\/fr\/wp-json\/wp\/v2\/pages\/1398\/revisions\/1491"}],"wp:attachment":[{"href":"http:\/\/pavitran.com\/fr\/wp-json\/wp\/v2\/media?parent=1398"}],"curies":[{"name":"wp","href":"https:\/\/api.w.org\/{rel}","templated":true}]}}